{"id":252,"date":"2021-09-30T17:18:08","date_gmt":"2021-09-30T17:18:08","guid":{"rendered":"https:\/\/dida-kleve.de\/?page_id=252"},"modified":"2022-11-14T18:20:26","modified_gmt":"2022-11-14T18:20:26","slug":"kontakte","status":"publish","type":"page","link":"https:\/\/dida-kleve.de\/?page_id=252","title":{"rendered":"Kontakt \/ Hotline:"},"content":{"rendered":"<style>#kt-layout-id_3653b9-34 > .kt-row-column-wrap{align-content:center;}:where(#kt-layout-id_3653b9-34 > .kt-row-column-wrap) > .wp-block-kadence-column{justify-content:center;}#kt-layout-id_3653b9-34 > .kt-row-column-wrap{column-gap:var(--global-kb-gap-lg, 4rem);row-gap:var(--global-kb-gap-md, 2rem);max-width:var(--wp--style--global--content-size);padding-top:var( --global-kb-row-default-top, 25px );padding-bottom:var( --global-kb-row-default-bottom, 25px );padding-top:0px;padding-bottom:3px;grid-template-columns:minmax(0, 1fr) minmax(0, 2fr);}#kt-layout-id_3653b9-34 > .kt-row-layout-overlay{opacity:0.30;}@media all and (max-width: 1024px){#kt-layout-id_3653b9-34 > .kt-row-column-wrap{grid-template-columns:minmax(0, 1fr) minmax(0, 2fr);}}@media all and (max-width: 767px){#kt-layout-id_3653b9-34 > .kt-row-column-wrap{grid-template-columns:minmax(0, 1fr);}}<\/style>\n<div class=\"wp-block-kadence-rowlayout alignnone\"><div id=\"kt-layout-id_3653b9-34\" class=\"kt-row-layout-inner kt-layout-id_3653b9-34\"><div class=\"kt-row-column-wrap kt-has-2-columns kt-gutter-wider kt-v-gutter-default kt-row-valign-middle kt-row-layout-right-golden kt-tab-layout-inherit kt-m-colapse-left-to-right kt-mobile-layout-row kb-theme-content-width\"><style>.kadence-column_12a3c8-17 > .kt-inside-inner-col{display:flex;}.kadence-column_12a3c8-17 > .kt-inside-inner-col{box-shadow:11px 0px 5px 8px rgba(0, 0, 0, 0.2);border-top-width:0px;border-right-width:0px;border-bottom-width:0px;border-left-width:10px;}.kadence-column_12a3c8-17 > .kt-inside-inner-col,.kadence-column_12a3c8-17 > .kt-inside-inner-col:before{border-top-left-radius:0px;border-top-right-radius:0px;border-bottom-right-radius:0px;border-bottom-left-radius:0px;}.kadence-column_12a3c8-17 > .kt-inside-inner-col{column-gap:var(--global-kb-gap-sm, 1rem);}.kadence-column_12a3c8-17 > .kt-inside-inner-col{flex-direction:column;justify-content:center;}.kadence-column_12a3c8-17 > .kt-inside-inner-col > .aligncenter{width:100%;}.kt-row-column-wrap > .kadence-column_12a3c8-17{align-self:center;}.kt-inner-column-height-full:not(.kt-has-1-columns) > .wp-block-kadence-column.kadence-column_12a3c8-17{align-self:auto;}.kt-inner-column-height-full:not(.kt-has-1-columns) > .wp-block-kadence-column.kadence-column_12a3c8-17 > .kt-inside-inner-col{flex-direction:column;justify-content:center;}.kadence-column_12a3c8-17 > .kt-inside-inner-col{background-color:#eeeeee;}.kadence-column_12a3c8-17 > .kt-inside-inner-col:before{opacity:0.3;}.kadence-column_12a3c8-17{position:relative;}@media all and (max-width: 1024px){.kt-row-column-wrap > .kadence-column_12a3c8-17{align-self:center;}}@media all and (max-width: 1024px){.kt-inner-column-height-full:not(.kt-has-1-columns) > .wp-block-kadence-column.kadence-column_12a3c8-17{align-self:auto;}}@media all and (max-width: 1024px){.kt-inner-column-height-full:not(.kt-has-1-columns) > .wp-block-kadence-column.kadence-column_12a3c8-17 > .kt-inside-inner-col{flex-direction:column;justify-content:center;}}@media all and (max-width: 1024px){.kadence-column_12a3c8-17 > .kt-inside-inner-col{flex-direction:column;justify-content:center;}}@media all and (max-width: 767px){.kt-row-column-wrap > .kadence-column_12a3c8-17{align-self:center;}.kt-inner-column-height-full:not(.kt-has-1-columns) > .wp-block-kadence-column.kadence-column_12a3c8-17{align-self:auto;}.kt-inner-column-height-full:not(.kt-has-1-columns) > .wp-block-kadence-column.kadence-column_12a3c8-17 > .kt-inside-inner-col{flex-direction:column;justify-content:center;}.kadence-column_12a3c8-17 > .kt-inside-inner-col{flex-direction:column;justify-content:center;}}<\/style>\n<div class=\"wp-block-kadence-column inner-column-1 kadence-column_12a3c8-17\"><div class=\"kt-inside-inner-col\"><style>.wp-block-kadence-advancedheading.kt-adv-heading_81bd4a-8f, .wp-block-kadence-advancedheading.kt-adv-heading_81bd4a-8f[data-kb-block=\"kb-adv-heading_81bd4a-8f\"]{text-align:left;font-size:1.9em;font-style:normal;font-family:Arial, Helvetica, sans-serif;}.wp-block-kadence-advancedheading.kt-adv-heading_81bd4a-8f mark.kt-highlight, .wp-block-kadence-advancedheading.kt-adv-heading_81bd4a-8f[data-kb-block=\"kb-adv-heading_81bd4a-8f\"] mark.kt-highlight{font-style:normal;color:#f76a0c;-webkit-box-decoration-break:clone;box-decoration-break:clone;padding-top:0px;padding-right:0px;padding-bottom:0px;padding-left:0px;}.wp-block-kadence-advancedheading.kt-adv-heading_81bd4a-8f img.kb-inline-image, .wp-block-kadence-advancedheading.kt-adv-heading_81bd4a-8f[data-kb-block=\"kb-adv-heading_81bd4a-8f\"] img.kb-inline-image{width:150px;vertical-align:baseline;}<\/style>\n<h5 class=\"kt-adv-heading_81bd4a-8f wp-block-kadence-advancedheading has-luminous-vivid-orange-color has-text-color\" data-kb-block=\"kb-adv-heading_81bd4a-8f\"><strong>Hier k\u00f6nnen Sie uns kontaktieren:<\/strong><\/h5>\n\n\n\n<hr class=\"wp-block-separator has-text-color has-luminous-vivid-orange-color has-css-opacity has-luminous-vivid-orange-background-color has-background is-style-default\"\/>\n\n\n\n<p class=\"has-medium-font-size wp-block-paragraph\"><span style=\"color:#0693e3\" class=\"tadv-color\">Haben Sie Fragen, oder ben\u00f6tigen <strong>Sie Hilfe?<\/strong><\/span><\/p>\n\n\n\n<pre class=\"wp-block-preformatted\"><span style=\"color:#0693e3\" class=\"tadv-color\">B<strong>enutzen Sie dieses Formular und wir werden versuchen, Ihnen zeitnah zu antworten. <\/strong><\/span><\/pre>\n<\/div><\/div>\n\n\n<style>.kadence-column_ebcc66-28 > .kt-inside-inner-col{border-top-width:0px;border-right-width:0px;border-bottom-width:0px;border-left-width:0px;}.kadence-column_ebcc66-28 > .kt-inside-inner-col,.kadence-column_ebcc66-28 > .kt-inside-inner-col:before{border-top-left-radius:0px;border-top-right-radius:0px;border-bottom-right-radius:0px;border-bottom-left-radius:0px;}.kadence-column_ebcc66-28 > .kt-inside-inner-col{column-gap:var(--global-kb-gap-sm, 1rem);}.kadence-column_ebcc66-28 > .kt-inside-inner-col{flex-direction:column;}.kadence-column_ebcc66-28 > .kt-inside-inner-col > .aligncenter{width:100%;}.kadence-column_ebcc66-28 > .kt-inside-inner-col:before{opacity:0.3;}.kadence-column_ebcc66-28{position:relative;}@media all and (max-width: 1024px){.kadence-column_ebcc66-28 > .kt-inside-inner-col{flex-direction:column;justify-content:center;}}@media all and (max-width: 767px){.kadence-column_ebcc66-28 > .kt-inside-inner-col{flex-direction:column;justify-content:center;}}<\/style>\n<div class=\"wp-block-kadence-column inner-column-2 kadence-column_ebcc66-28\"><div class=\"kt-inside-inner-col\">\n<div class=\"wp-block-group\"><div class=\"wp-block-group__inner-container is-layout-flow wp-block-group-is-layout-flow\"><style>.kadence-form-_a4b767-e1 .kb-form .kadence-blocks-form-field{margin-bottom:27px;}.kadence-form-_a4b767-e1 .kb-form .kadence-blocks-form-field .kb-text-style-field, .kadence-form-_a4b767-e1 .kb-form .kadence-blocks-form-field .kb-select-style-field{font-size:16px;line-height:25px;border-width:1px 1px 1px 1px;background:var(--global-palette7, #EDF2F7);border-color:var(--global-palette7, #EDF2F7);box-shadow:1px 1px 2px 0px rgba(0, 0, 0, 0.2);}.kadence-form-_a4b767-e1 .kb-form .kadence-blocks-form-field .kb-text-style-field:focus, .kadence-form-_a4b767-e1 .kb-form .kadence-blocks-form-field .kb-select-style-field:focus{border-color:var(--global-palette8, #F7FAFC);background:var(--global-palette8, #F7FAFC);}.kadence-form-_a4b767-e1 .kb-form .kadence-blocks-form-field .kb-text-style-field{padding-top:12px;padding-right:18px;padding-bottom:12px;padding-left:18px;}.kadence-form-_a4b767-e1 .kb-form .kadence-blocks-form-field .kb-forms-submit{border-radius:5px;background:var(--global-palette1, #3182CE);box-shadow:1px 1px 2px 3px rgba(0, 0, 0, 0.2);}.kadence-form-_a4b767-e1 .kb-form .kadence-blocks-form-field .kb-forms-submit:hover, .kadence-form-_a4b767-e1 .kb-form .kadence-blocks-form-field .kb-forms-submit:focus {background:var(--global-palette2, #2B6CB0);}<\/style>\n<div class=\"wp-block-kadence-form kadence-form-_a4b767-e1 kb-form-wrap kb-form-align-left\"><form class=\"kb-form\" action=\"\" method=\"post\" data-error-message=\"Bitte korrigieren Sie die Fehler\"><div class=\"kadence-blocks-form-field kb-field-desk-width-100 kb-input-size-custom\"><label for=\"kb_field__a4b767-e1_0\">Vor und Nachmane:<\/label><input name=\"kb_field_0\" id=\"kb_field__a4b767-e1_0\" data-label=\"Vor und Nachmane:\" type=\"text\" placeholder=\"\" value=\"\" data-type=\"text\" class=\"kb-field kb-text-style-field kb-text-field kb-field-0\"\/><\/div><div class=\"kadence-blocks-form-field kb-form-field-1 kb-field-desk-width-100 kb-input-size-custom\"><label for=\"kb_field__a4b767-e1_1\">Ihr E-Mail Adresse:<span class=\"required\">*<\/span><\/label><input name=\"kb_field_1\" id=\"kb_field__a4b767-e1_1\" data-label=\"Ihr E-Mail Adresse:\" type=\"email\" placeholder=\"\" value=\"\" data-type=\"email\" class=\"kb-field kb-text-style-field kb-email-field kb-field-1\" data-required=\"yes\"\/><\/div><div class=\"kadence-blocks-form-field kb-form-field-2 kb-field-desk-width-100 kb-input-size-custom\"><label for=\"kb_field__a4b767-e1_2\">Inhalt der Mail:<span class=\"required\">*<\/span><\/label><textarea name=\"kb_field_2\" id=\"kb_field__a4b767-e1_2\" data-label=\"Inhalt der Mail:\" type=\"textarea\" placeholder=\"\" data-type=\"textarea\" class=\"kb-field kb-text-style-field kb-textarea-field kb-field-2\" rows=\"4\" data-required=\"yes\"><\/textarea><\/div><input type=\"hidden\" name=\"_kb_form_id\" value=\"_a4b767-e1\"\/><input type=\"hidden\" name=\"_kb_form_post_id\" value=\"252\"\/><input type=\"hidden\" name=\"action\" value=\"kb_process_ajax_submit\"\/><div class=\"kadence-blocks-form-field kb-submit-field kb-field-desk-width-100\"><button class=\"kb-forms-submit button kb-button-size-standard kb-button-width-auto\">Abschicken<\/button><\/div><\/form><\/div>\n<noscript><div class=\"kadence-blocks-form-message kadence-blocks-form-warning\">Bitte aktiviere JavaScript in deinem Browser, um dieses Formular fertigzustellen.<\/div><style>.kadence-form-_a4b767-e1 .kadence-blocks-form-field.kb-submit-field { display: none; }<\/style><\/noscript><\/div><\/div>\n<\/div><\/div>\n<\/div><\/div><\/div>\n\n\n\n<hr class=\"wp-block-separator has-alpha-channel-opacity\"\/>\n\n\n<style>.wp-block-kadence-advancedheading.kt-adv-heading_a4318d-6e, .wp-block-kadence-advancedheading.kt-adv-heading_a4318d-6e[data-kb-block=\"kb-adv-heading_a4318d-6e\"]{font-style:normal;}.wp-block-kadence-advancedheading.kt-adv-heading_a4318d-6e mark.kt-highlight, .wp-block-kadence-advancedheading.kt-adv-heading_a4318d-6e[data-kb-block=\"kb-adv-heading_a4318d-6e\"] mark.kt-highlight{font-style:normal;color:#f76a0c;-webkit-box-decoration-break:clone;box-decoration-break:clone;padding-top:0px;padding-right:0px;padding-bottom:0px;padding-left:0px;}.wp-block-kadence-advancedheading.kt-adv-heading_a4318d-6e img.kb-inline-image, .wp-block-kadence-advancedheading.kt-adv-heading_a4318d-6e[data-kb-block=\"kb-adv-heading_a4318d-6e\"] img.kb-inline-image{width:150px;vertical-align:baseline;}<\/style>\n<h2 class=\"kt-adv-heading_a4318d-6e wp-block-kadence-advancedheading\" data-kb-block=\"kb-adv-heading_a4318d-6e\"><br><strong><span style=\"color: #ff0000;\">Tel. der Hotline: 0176 4240 3115<\/span><\/strong><\/h2>\n\n\n\n<hr class=\"wp-block-separator has-alpha-channel-opacity\"\/>\n\n\n<style>#kt-layout-id_bc4a8b-c5 > .kt-row-column-wrap{align-content:center;}:where(#kt-layout-id_bc4a8b-c5 > .kt-row-column-wrap) > .wp-block-kadence-column{justify-content:center;}#kt-layout-id_bc4a8b-c5 > .kt-row-column-wrap{column-gap:var(--global-kb-gap-md, 2rem);row-gap:var(--global-kb-gap-md, 2rem);max-width:1204px;margin-left:auto;margin-right:auto;padding-top:var( --global-kb-row-default-top, 25px );padding-bottom:var( --global-kb-row-default-bottom, 25px );padding-bottom:0px;grid-template-columns:minmax(0, 1fr);}#kt-layout-id_bc4a8b-c5 > .kt-row-layout-overlay{opacity:0.30;}@media all and (max-width: 1024px){#kt-layout-id_bc4a8b-c5 > .kt-row-column-wrap{grid-template-columns:minmax(0, 1fr);}}@media all and (max-width: 767px){#kt-layout-id_bc4a8b-c5 > .kt-row-column-wrap{grid-template-columns:minmax(0, 1fr);}}<\/style>\n<div class=\"wp-block-kadence-rowlayout alignnone\"><div id=\"kt-layout-id_bc4a8b-c5\" class=\"kt-row-layout-inner kt-layout-id_bc4a8b-c5\"><div class=\"kt-row-column-wrap kt-has-1-columns kt-gutter-default kt-v-gutter-default kt-row-valign-middle kt-row-layout-equal kt-tab-layout-inherit kt-m-colapse-left-to-right kt-mobile-layout-row\"><style>.kadence-column_878d47-e0 > .kt-inside-inner-col{border-top-width:0px;border-right-width:0px;border-bottom-width:0px;border-left-width:0px;}.kadence-column_878d47-e0 > .kt-inside-inner-col,.kadence-column_878d47-e0 > .kt-inside-inner-col:before{border-top-left-radius:0px;border-top-right-radius:0px;border-bottom-right-radius:0px;border-bottom-left-radius:0px;}.kadence-column_878d47-e0 > .kt-inside-inner-col{column-gap:var(--global-kb-gap-sm, 1rem);}.kadence-column_878d47-e0 > .kt-inside-inner-col{flex-direction:column;}.kadence-column_878d47-e0 > .kt-inside-inner-col > .aligncenter{width:100%;}.kadence-column_878d47-e0 > .kt-inside-inner-col:before{opacity:0.3;}.kadence-column_878d47-e0{position:relative;}@media all and (max-width: 1024px){.kadence-column_878d47-e0 > .kt-inside-inner-col{flex-direction:column;justify-content:center;}}@media all and (max-width: 767px){.kadence-column_878d47-e0 > .kt-inside-inner-col{flex-direction:column;justify-content:center;}}<\/style>\n<div class=\"wp-block-kadence-column inner-column-1 kadence-column_878d47-e0\"><div class=\"kt-inside-inner-col\"><style>.wp-block-kadence-advancedheading.kt-adv-heading_a8a4ac-ad, .wp-block-kadence-advancedheading.kt-adv-heading_a8a4ac-ad[data-kb-block=\"kb-adv-heading_a8a4ac-ad\"]{text-align:center;font-style:normal;}.wp-block-kadence-advancedheading.kt-adv-heading_a8a4ac-ad mark.kt-highlight, .wp-block-kadence-advancedheading.kt-adv-heading_a8a4ac-ad[data-kb-block=\"kb-adv-heading_a8a4ac-ad\"] mark.kt-highlight{font-style:normal;color:#f76a0c;-webkit-box-decoration-break:clone;box-decoration-break:clone;padding-top:0px;padding-right:0px;padding-bottom:0px;padding-left:0px;}.wp-block-kadence-advancedheading.kt-adv-heading_a8a4ac-ad img.kb-inline-image, .wp-block-kadence-advancedheading.kt-adv-heading_a8a4ac-ad[data-kb-block=\"kb-adv-heading_a8a4ac-ad\"] img.kb-inline-image{width:150px;vertical-align:baseline;}<\/style>\n<h3 class=\"kt-adv-heading_a8a4ac-ad wp-block-kadence-advancedheading has-vivid-cyan-blue-color has-text-color\" data-kb-block=\"kb-adv-heading_a8a4ac-ad\"><span style=\"color: #0000ff;\"><strong>Z\u00f6gern Sie bei Fragen nicht, uns zu kontaktieren. Sie haben hier jederzeit die M\u00f6glichkeit, uns telefonisch zu erreichen. Auch wenn wir uns nicht sofort melden, so k\u00f6nnen sie gerne auf den Anrufbeantworter sprechen. Wir melden uns dann umgehend<\/strong><\/span>!<\/h3>\n<\/div><\/div>\n<\/div><\/div><\/div>\n","protected":false},"excerpt":{"rendered":"<p>Hier k\u00f6nnen Sie uns kontaktieren: Haben Sie Fragen, oder ben\u00f6tigen Sie Hilfe? Benutzen Sie dieses Formular und wir werden versuchen, Ihnen zeitnah zu antworten. Tel. der Hotline: 0176 4240 3115 [&hellip;]<\/p>\n","protected":false},"author":1,"featured_media":0,"parent":4,"menu_order":0,"comment_status":"closed","ping_status":"closed","template":"fullwidth-page.php","meta":{"_crdt_document":"","footnotes":""},"class_list":["post-252","page","type-page","status-publish","hentry"],"_links":{"self":[{"href":"https:\/\/dida-kleve.de\/index.php?rest_route=\/wp\/v2\/pages\/252","targetHints":{"allow":["GET"]}}],"collection":[{"href":"https:\/\/dida-kleve.de\/index.php?rest_route=\/wp\/v2\/pages"}],"about":[{"href":"https:\/\/dida-kleve.de\/index.php?rest_route=\/wp\/v2\/types\/page"}],"author":[{"embeddable":true,"href":"https:\/\/dida-kleve.de\/index.php?rest_route=\/wp\/v2\/users\/1"}],"replies":[{"embeddable":true,"href":"https:\/\/dida-kleve.de\/index.php?rest_route=%2Fwp%2Fv2%2Fcomments&post=252"}],"version-history":[{"count":24,"href":"https:\/\/dida-kleve.de\/index.php?rest_route=\/wp\/v2\/pages\/252\/revisions"}],"predecessor-version":[{"id":683,"href":"https:\/\/dida-kleve.de\/index.php?rest_route=\/wp\/v2\/pages\/252\/revisions\/683"}],"up":[{"embeddable":true,"href":"https:\/\/dida-kleve.de\/index.php?rest_route=\/wp\/v2\/pages\/4"}],"wp:attachment":[{"href":"https:\/\/dida-kleve.de\/index.php?rest_route=%2Fwp%2Fv2%2Fmedia&parent=252"}],"curies":[{"name":"wp","href":"https:\/\/api.w.org\/{rel}","templated":true}]}}