{"id":3,"date":"2021-08-27T21:20:44","date_gmt":"2021-08-27T21:20:44","guid":{"rendered":"http:\/\/dida-kleve.de\/?page_id=3"},"modified":"2022-11-14T18:21:28","modified_gmt":"2022-11-14T18:21:28","slug":"privacy-policy","status":"publish","type":"page","link":"https:\/\/dida-kleve.de\/?page_id=3","title":{"rendered":"Privacy Policy"},"content":{"rendered":"\n<h2 class=\"wp-block-heading\">Wer wir sind:<\/h2>\n\n\n\n<p class=\"wp-block-paragraph\"><span style=\"background-color: rgba(0, 0, 0, 0.2);\"><b>U<\/b><\/span>nsere Website lautet: <strong>https:\/\/dida-kleve.de.<\/strong><\/p>\n\n\n\n<p class=\"wp-block-paragraph\"><\/p>\n\n\n\n<p class=\"wp-block-paragraph\"><strong>Wahrnehmung von Aufgaben nach Satzung oder Gesch\u00e4ftsordnung<\/strong><\/p>\n\n\n\n<p class=\"wp-block-paragraph\">Wir verarbeiten die Daten unserer Mitglieder, Unterst\u00fctzer, Interessenten, Gesch\u00e4ftspartner oder sonstiger Personen (Zusammenfassend &#8220;Betroffene&#8221;), wenn wir mit ihnen in einem Mitgliedschafts- oder sonstigem gesch\u00e4ftlichen Verh\u00e4ltnis stehen und unsere Aufgaben wahrnehmen sowie Empf\u00e4nger von Leistungen und Zuwendungen sind. Im \u00dcbrigen verarbeiten wir die Daten Betroffener auf Grundlage unserer berechtigten Interessen, z.B. wenn es sich um administrative Aufgaben oder \u00d6ffentlichkeitsarbeit handelt.<\/p>\n\n\n\n<p class=\"wp-block-paragraph\">Die hierbei verarbeiteten Daten, die Art, der Umfang und der Zweck und die Erforderlichkeit ihrer Verarbeitung, bestimmen sich nach dem zugrundeliegenden Mitgliedschafts- oder Vertragsverh\u00e4ltnis, aus dem sich auch die Erforderlichkeit etwaiger Datenangaben ergeben (im \u00dcbrigen weisen wir auf erforderliche Daten hin).<\/p>\n\n\n\n<p class=\"wp-block-paragraph\">Wir l\u00f6schen Daten, die zur Erbringung unserer satzungs- und gesch\u00e4ftsm\u00e4\u00dfigen Zwecke nicht mehr erforderlich sind. Dies bestimmt sich entsprechend der jeweiligen Aufgaben und vertraglichen Beziehungen. Wir bewahren die Daten so lange auf, wie sie zur Gesch\u00e4ftsabwicklung, als auch im Hinblick auf etwaige Gew\u00e4hrleistungs- oder Haftungspflichten auf Grundlage unserer berechtigten Interesse an deren Regelung relevant sein k\u00f6nnen. Die Erforderlichkeit der Aufbewahrung der Daten wird regelm\u00e4\u00dfig \u00fcberpr\u00fcft; im \u00dcbrigen gelten die gesetzlichen Aufbewahrungspflichten.<\/p>\n\n\n\n<ul class=\"wp-block-list\">\n<li><strong>Verarbeitete Datenarten:<\/strong>&nbsp;Bestandsdaten (z.B. Namen, Adressen), Zahlungsdaten (z.B. Bankverbindungen, Rechnungen, Zahlungshistorie), Kontaktdaten (z.B. E-Mail, Telefonnummern), Vertragsdaten (z.B. Vertragsgegenstand, Laufzeit, Kundenkategorie).<\/li>\n\n\n\n<li><strong>Betroffene Personen:<\/strong>&nbsp;Nutzer (z.B. Webseitenbesucher, Nutzer von Onlinediensten), Mitglieder, Gesch\u00e4fts- und Vertragspartner.<\/li>\n\n\n\n<li><strong>Zwecke der Verarbeitung:<\/strong>&nbsp;Erbringung vertraglicher Leistungen und Kundenservice, Kontaktanfragen und Kommunikation, Verwaltung und Beantwortung von Anfragen.<\/li>\n\n\n\n<li><strong>Rechtsgrundlagen:<\/strong>&nbsp;Vertragserf\u00fcllung und vorvertragliche Anfragen (Art. 6 Abs. 1 S. 1 lit. b. DSGVO), Berechtigte Interessen (Art. 6 Abs. 1 S. 1 lit. f. DSGVO).<\/li>\n<\/ul>\n","protected":false},"excerpt":{"rendered":"<p>Wer wir sind: Unsere Website lautet: https:\/\/dida-kleve.de. Wahrnehmung von Aufgaben nach Satzung oder Gesch\u00e4ftsordnung Wir verarbeiten die Daten unserer Mitglieder, Unterst\u00fctzer, Interessenten, Gesch\u00e4ftspartner oder sonstiger Personen (Zusammenfassend &#8220;Betroffene&#8221;), wenn wir [&hellip;]<\/p>\n","protected":false},"author":1,"featured_media":0,"parent":0,"menu_order":0,"comment_status":"closed","ping_status":"open","template":"fullwidth-page.php","meta":{"_crdt_document":"","footnotes":""},"class_list":["post-3","page","type-page","status-publish","hentry"],"_links":{"self":[{"href":"https:\/\/dida-kleve.de\/index.php?rest_route=\/wp\/v2\/pages\/3","targetHints":{"allow":["GET"]}}],"collection":[{"href":"https:\/\/dida-kleve.de\/index.php?rest_route=\/wp\/v2\/pages"}],"about":[{"href":"https:\/\/dida-kleve.de\/index.php?rest_route=\/wp\/v2\/types\/page"}],"author":[{"embeddable":true,"href":"https:\/\/dida-kleve.de\/index.php?rest_route=\/wp\/v2\/users\/1"}],"replies":[{"embeddable":true,"href":"https:\/\/dida-kleve.de\/index.php?rest_route=%2Fwp%2Fv2%2Fcomments&post=3"}],"version-history":[{"count":3,"href":"https:\/\/dida-kleve.de\/index.php?rest_route=\/wp\/v2\/pages\/3\/revisions"}],"predecessor-version":[{"id":701,"href":"https:\/\/dida-kleve.de\/index.php?rest_route=\/wp\/v2\/pages\/3\/revisions\/701"}],"wp:attachment":[{"href":"https:\/\/dida-kleve.de\/index.php?rest_route=%2Fwp%2Fv2%2Fmedia&parent=3"}],"curies":[{"name":"wp","href":"https:\/\/api.w.org\/{rel}","templated":true}]}}